{"id":149,"date":"2014-07-05T19:40:48","date_gmt":"2014-07-05T19:40:48","guid":{"rendered":"https:\/\/gtsenegal.com\/?page_id=149"},"modified":"2016-08-18T19:27:17","modified_gmt":"2016-08-18T19:27:17","slug":"peras","status":"publish","type":"page","link":"https:\/\/gtsenegal.com\/?page_id=149","title":{"rendered":"Pera"},"content":{"rendered":"<p>&nbsp;<\/p>\n<p><img loading=\"lazy\" decoding=\"async\" class=\"aligncenter  wp-image-617\" src=\"https:\/\/gtsenegal.com\/wp-content\/uploads\/2016\/06\/PERA.png\" alt=\"PERA\" width=\"1003\" height=\"274\" data-id=\"617\" srcset=\"https:\/\/gtsenegal.com\/wp-content\/uploads\/2016\/06\/PERA.png 723w, https:\/\/gtsenegal.com\/wp-content\/uploads\/2016\/06\/PERA-300x82.png 300w\" sizes=\"auto, (max-width: 1003px) 100vw, 1003px\" \/><\/p>\n<p>Fruto carnoso con forma ovalada proveniente del peral, \u00e1rbol de la familia de las Ros\u00e1ceas. Fruta de piel delgada, pulpa jugosa y sabor dulce. La pera tiene su origen en regiones de Europa occidental y Asia, donde se lleva cultivando desde \u00e9pocas muy remotas.<\/p>\n<p>Con GreenGrocer Senegal podr\u00e1 disponer de la Pera durante todo el a\u00f1o con la garant\u00eda de la mejor calidad. Su cultivo va acompa\u00f1ado siempre de\u00a0 t\u00e9cnicas avanzadas y respetuosas con el medio ambiente. Nuestros especialistas se encargan de escoger los productos en las mejores condiciones.<\/p>\n<p><img loading=\"lazy\" decoding=\"async\" class=\"aligncenter  wp-image-658\" src=\"https:\/\/gtsenegal.com\/wp-content\/uploads\/2016\/06\/PERA-1.png\" alt=\"PERA\" width=\"593\" height=\"419\" data-id=\"658\" srcset=\"https:\/\/gtsenegal.com\/wp-content\/uploads\/2016\/06\/PERA-1.png 1754w, https:\/\/gtsenegal.com\/wp-content\/uploads\/2016\/06\/PERA-1-300x212.png 300w, https:\/\/gtsenegal.com\/wp-content\/uploads\/2016\/06\/PERA-1-768x543.png 768w, https:\/\/gtsenegal.com\/wp-content\/uploads\/2016\/06\/PERA-1-1024x724.png 1024w\" sizes=\"auto, (max-width: 593px) 100vw, 593px\" \/><\/p>\n<p><strong><em><u>Garant\u00edas de conservaci\u00f3n y trasporte<\/u><\/em><\/strong><\/p>\n<p>Las recomendaciones para la conservaci\u00f3n durante el transporte de este tipo de fruta son refrigerada entre 2\u00ba y 4\u00baC. GreenGrocer Senegal garantiza que se mantiene la cadena fr\u00edo durante el transporte desde la recolecta hasta su entrega.<\/p>\n<p>&nbsp;<\/p>\n<p>&nbsp;<\/p>\n<p>&nbsp;<\/p>\n<p>&nbsp;<\/p>","protected":false},"excerpt":{"rendered":"<p>&nbsp; Fruto carnoso con forma ovalada proveniente del peral, \u00e1rbol de la familia de las Ros\u00e1ceas. Fruta de piel delgada, pulpa jugosa y sabor dulce. La pera tiene su origen en regiones<a class=\"moretag\" href=\"https:\/\/gtsenegal.com\/?page_id=149\">Read More&#8230;<\/a><\/p>\n","protected":false},"author":1,"featured_media":0,"parent":49,"menu_order":0,"comment_status":"closed","ping_status":"closed","template":"","meta":{"footnotes":""},"class_list":["post-149","page","type-page","status-publish","hentry"],"_links":{"self":[{"href":"https:\/\/gtsenegal.com\/index.php?rest_route=\/wp\/v2\/pages\/149","targetHints":{"allow":["GET"]}}],"collection":[{"href":"https:\/\/gtsenegal.com\/index.php?rest_route=\/wp\/v2\/pages"}],"about":[{"href":"https:\/\/gtsenegal.com\/index.php?rest_route=\/wp\/v2\/types\/page"}],"author":[{"embeddable":true,"href":"https:\/\/gtsenegal.com\/index.php?rest_route=\/wp\/v2\/users\/1"}],"replies":[{"embeddable":true,"href":"https:\/\/gtsenegal.com\/index.php?rest_route=%2Fwp%2Fv2%2Fcomments&post=149"}],"version-history":[{"count":6,"href":"https:\/\/gtsenegal.com\/index.php?rest_route=\/wp\/v2\/pages\/149\/revisions"}],"predecessor-version":[{"id":1042,"href":"https:\/\/gtsenegal.com\/index.php?rest_route=\/wp\/v2\/pages\/149\/revisions\/1042"}],"up":[{"embeddable":true,"href":"https:\/\/gtsenegal.com\/index.php?rest_route=\/wp\/v2\/pages\/49"}],"wp:attachment":[{"href":"https:\/\/gtsenegal.com\/index.php?rest_route=%2Fwp%2Fv2%2Fmedia&parent=149"}],"curies":[{"name":"wp","href":"https:\/\/api.w.org\/{rel}","templated":true}]}}