{"id":473,"date":"2016-03-28T17:22:07","date_gmt":"2016-03-28T17:22:07","guid":{"rendered":"https:\/\/gtsenegal.com\/?page_id=473"},"modified":"2016-08-18T19:18:54","modified_gmt":"2016-08-18T19:18:54","slug":"kiwi","status":"publish","type":"page","link":"https:\/\/gtsenegal.com\/?page_id=473","title":{"rendered":"Kiwi"},"content":{"rendered":"<p><img loading=\"lazy\" decoding=\"async\" class=\"aligncenter wp-image-594\" src=\"https:\/\/gtsenegal.com\/wp-content\/uploads\/2016\/06\/KIWI.png\" alt=\"KIWI\" width=\"1003\" height=\"274\" data-id=\"594\" srcset=\"https:\/\/gtsenegal.com\/wp-content\/uploads\/2016\/06\/KIWI.png 723w, https:\/\/gtsenegal.com\/wp-content\/uploads\/2016\/06\/KIWI-300x82.png 300w\" sizes=\"auto, (max-width: 1003px) 100vw, 1003px\" \/><\/p>\n<p>Fruto ex\u00f3tico de la planta trepadora actinidia, de la familia de las Actinidi\u00e1ceas. Es una baya con forma de elipse y cubierta de una piel marr\u00f3n repleta de vellosidades. Su origen se establece en china.<\/p>\n<p>Con GreenGrocer Senegal podr\u00e1 disponer del Kiwi durante todo el a\u00f1o con la garant\u00eda de la mejor calidad. Su cultivo va acompa\u00f1ado siempre de\u00a0 t\u00e9cnicas avanzadas y respetuosas con el medio ambiente. Nuestros especialistas se encargan de escoger los productos en las mejores condiciones.<\/p>\n<p><img loading=\"lazy\" decoding=\"async\" class=\"aligncenter wp-image-649\" src=\"https:\/\/gtsenegal.com\/wp-content\/uploads\/2016\/06\/KIWI-1.png\" alt=\"KIWI\" width=\"598\" height=\"423\" data-id=\"649\" srcset=\"https:\/\/gtsenegal.com\/wp-content\/uploads\/2016\/06\/KIWI-1.png 1754w, https:\/\/gtsenegal.com\/wp-content\/uploads\/2016\/06\/KIWI-1-300x212.png 300w, https:\/\/gtsenegal.com\/wp-content\/uploads\/2016\/06\/KIWI-1-768x543.png 768w, https:\/\/gtsenegal.com\/wp-content\/uploads\/2016\/06\/KIWI-1-1024x724.png 1024w\" sizes=\"auto, (max-width: 598px) 100vw, 598px\" \/><\/p>\n<p><strong><em><u>Garant\u00edas de conservaci\u00f3n y trasporte<\/u><\/em><\/strong><\/p>\n<p>Las recomendaciones para la conservaci\u00f3n durante el transporte de este tipo de fruta son refrigerada entre 2\u00ba y 4\u00baC. GreenGrocer Senegal garantiza que se mantiene la cadena fr\u00edo durante el transporte desde la recolecta hasta su entrega.<\/p>\n<p>&nbsp;<\/p>","protected":false},"excerpt":{"rendered":"<p>Fruto ex\u00f3tico de la planta trepadora actinidia, de la familia de las Actinidi\u00e1ceas. Es una baya con forma de elipse y cubierta de una piel marr\u00f3n repleta de vellosidades. Su origen se<a class=\"moretag\" href=\"https:\/\/gtsenegal.com\/?page_id=473\">Read More&#8230;<\/a><\/p>\n","protected":false},"author":1,"featured_media":0,"parent":49,"menu_order":0,"comment_status":"closed","ping_status":"closed","template":"","meta":{"footnotes":""},"class_list":["post-473","page","type-page","status-publish","hentry"],"_links":{"self":[{"href":"https:\/\/gtsenegal.com\/index.php?rest_route=\/wp\/v2\/pages\/473","targetHints":{"allow":["GET"]}}],"collection":[{"href":"https:\/\/gtsenegal.com\/index.php?rest_route=\/wp\/v2\/pages"}],"about":[{"href":"https:\/\/gtsenegal.com\/index.php?rest_route=\/wp\/v2\/types\/page"}],"author":[{"embeddable":true,"href":"https:\/\/gtsenegal.com\/index.php?rest_route=\/wp\/v2\/users\/1"}],"replies":[{"embeddable":true,"href":"https:\/\/gtsenegal.com\/index.php?rest_route=%2Fwp%2Fv2%2Fcomments&post=473"}],"version-history":[{"count":8,"href":"https:\/\/gtsenegal.com\/index.php?rest_route=\/wp\/v2\/pages\/473\/revisions"}],"predecessor-version":[{"id":1035,"href":"https:\/\/gtsenegal.com\/index.php?rest_route=\/wp\/v2\/pages\/473\/revisions\/1035"}],"up":[{"embeddable":true,"href":"https:\/\/gtsenegal.com\/index.php?rest_route=\/wp\/v2\/pages\/49"}],"wp:attachment":[{"href":"https:\/\/gtsenegal.com\/index.php?rest_route=%2Fwp%2Fv2%2Fmedia&parent=473"}],"curies":[{"name":"wp","href":"https:\/\/api.w.org\/{rel}","templated":true}]}}