{"id":475,"date":"2016-03-28T17:22:23","date_gmt":"2016-03-28T17:22:23","guid":{"rendered":"https:\/\/gtsenegal.com\/?page_id=475"},"modified":"2016-08-18T19:13:12","modified_gmt":"2016-08-18T19:13:12","slug":"melon","status":"publish","type":"page","link":"https:\/\/gtsenegal.com\/?page_id=475","title":{"rendered":"Mel\u00f3n"},"content":{"rendered":"<p><img loading=\"lazy\" decoding=\"async\" class=\"aligncenter wp-image-725\" src=\"https:\/\/gtsenegal.com\/wp-content\/uploads\/2016\/03\/MELON-ES.png\" alt=\"MELON ES\" width=\"1003\" height=\"274\" data-id=\"725\" srcset=\"https:\/\/gtsenegal.com\/wp-content\/uploads\/2016\/03\/MELON-ES.png 723w, https:\/\/gtsenegal.com\/wp-content\/uploads\/2016\/03\/MELON-ES-300x82.png 300w\" sizes=\"auto, (max-width: 1003px) 100vw, 1003px\" \/><\/p>\n<p>Fruto de la melonera, planta herb\u00e1cea de la familia de las Cucurbit\u00e1ceas, posee forma redonda-ovalada. No se sabe muy bien su origen aunque las teor\u00edas apuntan a \u00c1frica. Existen muchas variedades de mel\u00f3n en funci\u00f3n de su forma, color, sabor y lugar de origen.<\/p>\n<p>Con GreenGrocer Senegal podr\u00e1 disponer del Mel\u00f3n durante todo el a\u00f1o con la garant\u00eda de la mejor calidad. Su cultivo va acompa\u00f1ado siempre de\u00a0 t\u00e9cnicas avanzadas y respetuosas con el medio ambiente. Nuestros especialistas se encargan de escoger los productos en las mejores condiciones.<\/p>\n<p><img loading=\"lazy\" decoding=\"async\" class=\"aligncenter wp-image-654\" src=\"https:\/\/gtsenegal.com\/wp-content\/uploads\/2016\/06\/MELON-1.png\" alt=\"MELON\" width=\"597\" height=\"422\" data-id=\"654\" srcset=\"https:\/\/gtsenegal.com\/wp-content\/uploads\/2016\/06\/MELON-1.png 1754w, https:\/\/gtsenegal.com\/wp-content\/uploads\/2016\/06\/MELON-1-300x212.png 300w, https:\/\/gtsenegal.com\/wp-content\/uploads\/2016\/06\/MELON-1-768x543.png 768w, https:\/\/gtsenegal.com\/wp-content\/uploads\/2016\/06\/MELON-1-1024x724.png 1024w\" sizes=\"auto, (max-width: 597px) 100vw, 597px\" \/><\/p>\n<p><strong><em><u>Garant\u00edas de conservaci\u00f3n y trasporte<\/u><\/em><\/strong><\/p>\n<p>Las recomendaciones para la conservaci\u00f3n durante el transporte de este tipo de fruta son refrigerada entre 2\u00ba y 4\u00baC. GreenGrocer Senegal garantiza que se mantiene la cadena fr\u00edo durante el transporte desde la recolecta hasta su entrega.<\/p>\n<p>&nbsp;<\/p>","protected":false},"excerpt":{"rendered":"<p>Fruto de la melonera, planta herb\u00e1cea de la familia de las Cucurbit\u00e1ceas, posee forma redonda-ovalada. No se sabe muy bien su origen aunque las teor\u00edas apuntan a \u00c1frica. Existen muchas variedades de<a class=\"moretag\" href=\"https:\/\/gtsenegal.com\/?page_id=475\">Read More&#8230;<\/a><\/p>\n","protected":false},"author":1,"featured_media":0,"parent":49,"menu_order":0,"comment_status":"closed","ping_status":"closed","template":"","meta":{"footnotes":""},"class_list":["post-475","page","type-page","status-publish","hentry"],"_links":{"self":[{"href":"https:\/\/gtsenegal.com\/index.php?rest_route=\/wp\/v2\/pages\/475","targetHints":{"allow":["GET"]}}],"collection":[{"href":"https:\/\/gtsenegal.com\/index.php?rest_route=\/wp\/v2\/pages"}],"about":[{"href":"https:\/\/gtsenegal.com\/index.php?rest_route=\/wp\/v2\/types\/page"}],"author":[{"embeddable":true,"href":"https:\/\/gtsenegal.com\/index.php?rest_route=\/wp\/v2\/users\/1"}],"replies":[{"embeddable":true,"href":"https:\/\/gtsenegal.com\/index.php?rest_route=%2Fwp%2Fv2%2Fcomments&post=475"}],"version-history":[{"count":4,"href":"https:\/\/gtsenegal.com\/index.php?rest_route=\/wp\/v2\/pages\/475\/revisions"}],"predecessor-version":[{"id":1030,"href":"https:\/\/gtsenegal.com\/index.php?rest_route=\/wp\/v2\/pages\/475\/revisions\/1030"}],"up":[{"embeddable":true,"href":"https:\/\/gtsenegal.com\/index.php?rest_route=\/wp\/v2\/pages\/49"}],"wp:attachment":[{"href":"https:\/\/gtsenegal.com\/index.php?rest_route=%2Fwp%2Fv2%2Fmedia&parent=475"}],"curies":[{"name":"wp","href":"https:\/\/api.w.org\/{rel}","templated":true}]}}