{"id":477,"date":"2016-03-28T17:22:37","date_gmt":"2016-03-28T17:22:37","guid":{"rendered":"https:\/\/gtsenegal.com\/?page_id=477"},"modified":"2016-08-18T18:42:52","modified_gmt":"2016-08-18T18:42:52","slug":"sandia","status":"publish","type":"page","link":"https:\/\/gtsenegal.com\/?page_id=477","title":{"rendered":"Sand\u00eda"},"content":{"rendered":"<p><img loading=\"lazy\" decoding=\"async\" class=\"aligncenter wp-image-626\" src=\"https:\/\/gtsenegal.com\/wp-content\/uploads\/2016\/06\/SAND\u00cdA.png\" alt=\"SAND\u00cdA\" width=\"1003\" height=\"274\" data-id=\"626\" srcset=\"https:\/\/gtsenegal.com\/wp-content\/uploads\/2016\/06\/SAND\u00cdA.png 723w, https:\/\/gtsenegal.com\/wp-content\/uploads\/2016\/06\/SAND\u00cdA-300x82.png 300w\" sizes=\"auto, (max-width: 1003px) 100vw, 1003px\" \/><\/p>\n<p>Fruto tambi\u00e9n conocido como patilla, mel\u00f3n de agua o melancia. Proviene de la sandiera, planta h\u00e9rbacea de la familia de las Cucurbit\u00e1ceas. Es una fruta milenaria cuyo origen se sit\u00faa en \u00c1frica.<\/p>\n<p>Con GreenGrocer Senegal podr\u00e1 disponer de la Sand\u00eda durante todo el a\u00f1o con la garant\u00eda de la mejor calidad.Su cultivo va acompa\u00f1ado siempre de\u00a0 t\u00e9cnicas avanzadas y respetuosas con el medio ambiente. Nuestros especialistas se encargan de escoger los productos en las mejores condiciones.<\/p>\n<p><img loading=\"lazy\" decoding=\"async\" class=\"aligncenter  wp-image-661\" src=\"https:\/\/gtsenegal.com\/wp-content\/uploads\/2016\/06\/SANDIA.png\" alt=\"SANDIA\" width=\"593\" height=\"419\" data-id=\"661\" srcset=\"https:\/\/gtsenegal.com\/wp-content\/uploads\/2016\/06\/SANDIA.png 1754w, https:\/\/gtsenegal.com\/wp-content\/uploads\/2016\/06\/SANDIA-300x212.png 300w, https:\/\/gtsenegal.com\/wp-content\/uploads\/2016\/06\/SANDIA-768x543.png 768w, https:\/\/gtsenegal.com\/wp-content\/uploads\/2016\/06\/SANDIA-1024x724.png 1024w\" sizes=\"auto, (max-width: 593px) 100vw, 593px\" \/><\/p>\n<p><strong><em><u>Garant\u00edas de conservaci\u00f3n y trasporte<\/u><\/em><\/strong><\/p>\n<p>Las recomendaciones para la conservaci\u00f3n durante el transporte de este tipo de fruta son refrigerada entre 10 y 15\u00baC. GreenGrocer Senegal garantiza que se mantienen las condiciones adecuadas durante el transporte desde la recolecta hasta su entrega.<\/p>\n<p>&nbsp;<\/p>","protected":false},"excerpt":{"rendered":"<p>Fruto tambi\u00e9n conocido como patilla, mel\u00f3n de agua o melancia. Proviene de la sandiera, planta h\u00e9rbacea de la familia de las Cucurbit\u00e1ceas. Es una fruta milenaria cuyo origen se sit\u00faa en \u00c1frica.<a class=\"moretag\" href=\"https:\/\/gtsenegal.com\/?page_id=477\">Read More&#8230;<\/a><\/p>\n","protected":false},"author":1,"featured_media":0,"parent":49,"menu_order":0,"comment_status":"closed","ping_status":"closed","template":"","meta":{"footnotes":""},"class_list":["post-477","page","type-page","status-publish","hentry"],"_links":{"self":[{"href":"https:\/\/gtsenegal.com\/index.php?rest_route=\/wp\/v2\/pages\/477","targetHints":{"allow":["GET"]}}],"collection":[{"href":"https:\/\/gtsenegal.com\/index.php?rest_route=\/wp\/v2\/pages"}],"about":[{"href":"https:\/\/gtsenegal.com\/index.php?rest_route=\/wp\/v2\/types\/page"}],"author":[{"embeddable":true,"href":"https:\/\/gtsenegal.com\/index.php?rest_route=\/wp\/v2\/users\/1"}],"replies":[{"embeddable":true,"href":"https:\/\/gtsenegal.com\/index.php?rest_route=%2Fwp%2Fv2%2Fcomments&post=477"}],"version-history":[{"count":3,"href":"https:\/\/gtsenegal.com\/index.php?rest_route=\/wp\/v2\/pages\/477\/revisions"}],"predecessor-version":[{"id":1022,"href":"https:\/\/gtsenegal.com\/index.php?rest_route=\/wp\/v2\/pages\/477\/revisions\/1022"}],"up":[{"embeddable":true,"href":"https:\/\/gtsenegal.com\/index.php?rest_route=\/wp\/v2\/pages\/49"}],"wp:attachment":[{"href":"https:\/\/gtsenegal.com\/index.php?rest_route=%2Fwp%2Fv2%2Fmedia&parent=477"}],"curies":[{"name":"wp","href":"https:\/\/api.w.org\/{rel}","templated":true}]}}