{"id":479,"date":"2016-03-28T17:22:49","date_gmt":"2016-03-28T17:22:49","guid":{"rendered":"https:\/\/gtsenegal.com\/?page_id=479"},"modified":"2016-08-18T19:15:56","modified_gmt":"2016-08-18T19:15:56","slug":"mango","status":"publish","type":"page","link":"https:\/\/gtsenegal.com\/?page_id=479","title":{"rendered":"Mango"},"content":{"rendered":"<p><img loading=\"lazy\" decoding=\"async\" class=\"aligncenter  wp-image-601\" src=\"https:\/\/gtsenegal.com\/wp-content\/uploads\/2016\/06\/MANGO-ES-Y-IN.png\" alt=\"MANGO ES Y IN\" width=\"1003\" height=\"274\" data-id=\"601\" srcset=\"https:\/\/gtsenegal.com\/wp-content\/uploads\/2016\/06\/MANGO-ES-Y-IN.png 723w, https:\/\/gtsenegal.com\/wp-content\/uploads\/2016\/06\/MANGO-ES-Y-IN-300x82.png 300w\" sizes=\"auto, (max-width: 1003px) 100vw, 1003px\" \/><\/p>\n<p>Fruto perteneciente a la familia de las Anacardi\u00e1ceas. Este fruto est\u00e1 reconocido como uno de los frutos tropicales m\u00e1s finos. Su origen se establece en India, aunque hoy en d\u00eda se ha extendido a muchos pa\u00edses.<\/p>\n<p>Con GreenGrocer Senegal podr\u00e1 disponer del Mango durante todo el a\u00f1o con la garant\u00eda de la mejor calidad. La zona de producci\u00f3n es este africano, concretamente Senegal. Su cultivo va acompa\u00f1ado siempre de\u00a0 t\u00e9cnicas avanzadas y respetuosas con el medio ambiente. Nuestros especialistas se encargan de escoger los productos en las mejores condiciones.<\/p>\n<p><img loading=\"lazy\" decoding=\"async\" class=\"aligncenter  wp-image-652\" src=\"https:\/\/gtsenegal.com\/wp-content\/uploads\/2016\/06\/MANGO.png\" alt=\"MANGO\" width=\"593\" height=\"419\" data-id=\"652\" srcset=\"https:\/\/gtsenegal.com\/wp-content\/uploads\/2016\/06\/MANGO.png 1754w, https:\/\/gtsenegal.com\/wp-content\/uploads\/2016\/06\/MANGO-300x212.png 300w, https:\/\/gtsenegal.com\/wp-content\/uploads\/2016\/06\/MANGO-768x543.png 768w, https:\/\/gtsenegal.com\/wp-content\/uploads\/2016\/06\/MANGO-1024x724.png 1024w\" sizes=\"auto, (max-width: 593px) 100vw, 593px\" \/><\/p>\n<p><strong><em><u>Garant\u00edas de conservaci\u00f3n y trasporte<\/u><\/em><\/strong><\/p>\n<p>Para frutos tropicales en general se recomienda que las condiciones de conservaci\u00f3n durante el transporte sean entre 10 y 12\u00baC. GreenGrocer Senegal garantiza el correcto transporte en las condiciones adecuadas para que el producto se entregue de forma apropiada.<\/p>\n<p>&nbsp;<\/p>","protected":false},"excerpt":{"rendered":"<p>Fruto perteneciente a la familia de las Anacardi\u00e1ceas. Este fruto est\u00e1 reconocido como uno de los frutos tropicales m\u00e1s finos. Su origen se establece en India, aunque hoy en d\u00eda se ha<a class=\"moretag\" href=\"https:\/\/gtsenegal.com\/?page_id=479\">Read More&#8230;<\/a><\/p>\n","protected":false},"author":1,"featured_media":0,"parent":49,"menu_order":0,"comment_status":"closed","ping_status":"closed","template":"","meta":{"footnotes":""},"class_list":["post-479","page","type-page","status-publish","hentry"],"_links":{"self":[{"href":"https:\/\/gtsenegal.com\/index.php?rest_route=\/wp\/v2\/pages\/479","targetHints":{"allow":["GET"]}}],"collection":[{"href":"https:\/\/gtsenegal.com\/index.php?rest_route=\/wp\/v2\/pages"}],"about":[{"href":"https:\/\/gtsenegal.com\/index.php?rest_route=\/wp\/v2\/types\/page"}],"author":[{"embeddable":true,"href":"https:\/\/gtsenegal.com\/index.php?rest_route=\/wp\/v2\/users\/1"}],"replies":[{"embeddable":true,"href":"https:\/\/gtsenegal.com\/index.php?rest_route=%2Fwp%2Fv2%2Fcomments&post=479"}],"version-history":[{"count":4,"href":"https:\/\/gtsenegal.com\/index.php?rest_route=\/wp\/v2\/pages\/479\/revisions"}],"predecessor-version":[{"id":1033,"href":"https:\/\/gtsenegal.com\/index.php?rest_route=\/wp\/v2\/pages\/479\/revisions\/1033"}],"up":[{"embeddable":true,"href":"https:\/\/gtsenegal.com\/index.php?rest_route=\/wp\/v2\/pages\/49"}],"wp:attachment":[{"href":"https:\/\/gtsenegal.com\/index.php?rest_route=%2Fwp%2Fv2%2Fmedia&parent=479"}],"curies":[{"name":"wp","href":"https:\/\/api.w.org\/{rel}","templated":true}]}}