{"id":481,"date":"2016-03-28T17:23:02","date_gmt":"2016-03-28T17:23:02","guid":{"rendered":"https:\/\/gtsenegal.com\/?page_id=481"},"modified":"2016-08-18T18:24:39","modified_gmt":"2016-08-18T18:24:39","slug":"aguacate","status":"publish","type":"page","link":"https:\/\/gtsenegal.com\/?page_id=481","title":{"rendered":"Aguacate"},"content":{"rendered":"<p><img loading=\"lazy\" decoding=\"async\" class=\"aligncenter wp-image-569\" src=\"https:\/\/gtsenegal.com\/wp-content\/uploads\/2016\/06\/AGUACATE.png\" alt=\"AGUACATE\" width=\"1003\" height=\"274\" data-id=\"569\" srcset=\"https:\/\/gtsenegal.com\/wp-content\/uploads\/2016\/06\/AGUACATE.png 723w, https:\/\/gtsenegal.com\/wp-content\/uploads\/2016\/06\/AGUACATE-300x82.png 300w\" sizes=\"auto, (max-width: 1003px) 100vw, 1003px\" \/><\/p>\n<p>Fruto procedente del \u00e1rbol con el mismo nombre perteneciente a la familia de las Laur\u00e1ceas. Con forma de pera y\u00a0 una semilla en su interior. Su origen se establece en M\u00e9xico, Colombia y Venezuela.<\/p>\n<p>Con GreenGrocer Senegal podr\u00e1 disponer del Aguacate durante todo el a\u00f1o con la garant\u00eda de la mejor calidad. La zona de producci\u00f3n var\u00eda en funci\u00f3n de la \u00e9poca del a\u00f1o en la que nos encontremos. Su cultivo va acompa\u00f1ado siempre de\u00a0 t\u00e9cnicas avanzadas y respetuosas con el medio ambiente. Nuestros especialistas se encargan de escoger los productos en las mejores condiciones.<\/p>\n<p><img loading=\"lazy\" decoding=\"async\" class=\"wp-image-635 aligncenter\" src=\"https:\/\/gtsenegal.com\/wp-content\/uploads\/2016\/06\/AGUACATE-1.png\" alt=\"AGUACATE\" width=\"599\" height=\"424\" data-id=\"635\" srcset=\"https:\/\/gtsenegal.com\/wp-content\/uploads\/2016\/06\/AGUACATE-1.png 1754w, https:\/\/gtsenegal.com\/wp-content\/uploads\/2016\/06\/AGUACATE-1-300x212.png 300w, https:\/\/gtsenegal.com\/wp-content\/uploads\/2016\/06\/AGUACATE-1-768x543.png 768w, https:\/\/gtsenegal.com\/wp-content\/uploads\/2016\/06\/AGUACATE-1-1024x724.png 1024w\" sizes=\"auto, (max-width: 599px) 100vw, 599px\" \/><\/p>\n<p><strong><em><u>Garant\u00edas de conservaci\u00f3n y trasporte<\/u><\/em><\/strong><\/p>\n<p>La temperatura \u00f3ptima de conservaci\u00f3n del aguacate durante su transporte es de 13-15\u00baC ya que se considera una fruta tropical. GreenGrocer Senegal garantiza que se mantiene en buenas condiciones desde la recolecta hasta su entrega.<\/p>","protected":false},"excerpt":{"rendered":"<p>Fruto procedente del \u00e1rbol con el mismo nombre perteneciente a la familia de las Laur\u00e1ceas. Con forma de pera y\u00a0 una semilla en su interior. Su origen se establece en M\u00e9xico, Colombia<a class=\"moretag\" href=\"https:\/\/gtsenegal.com\/?page_id=481\">Read More&#8230;<\/a><\/p>\n","protected":false},"author":1,"featured_media":0,"parent":49,"menu_order":0,"comment_status":"closed","ping_status":"closed","template":"","meta":{"footnotes":""},"class_list":["post-481","page","type-page","status-publish","hentry"],"_links":{"self":[{"href":"https:\/\/gtsenegal.com\/index.php?rest_route=\/wp\/v2\/pages\/481","targetHints":{"allow":["GET"]}}],"collection":[{"href":"https:\/\/gtsenegal.com\/index.php?rest_route=\/wp\/v2\/pages"}],"about":[{"href":"https:\/\/gtsenegal.com\/index.php?rest_route=\/wp\/v2\/types\/page"}],"author":[{"embeddable":true,"href":"https:\/\/gtsenegal.com\/index.php?rest_route=\/wp\/v2\/users\/1"}],"replies":[{"embeddable":true,"href":"https:\/\/gtsenegal.com\/index.php?rest_route=%2Fwp%2Fv2%2Fcomments&post=481"}],"version-history":[{"count":12,"href":"https:\/\/gtsenegal.com\/index.php?rest_route=\/wp\/v2\/pages\/481\/revisions"}],"predecessor-version":[{"id":1013,"href":"https:\/\/gtsenegal.com\/index.php?rest_route=\/wp\/v2\/pages\/481\/revisions\/1013"}],"up":[{"embeddable":true,"href":"https:\/\/gtsenegal.com\/index.php?rest_route=\/wp\/v2\/pages\/49"}],"wp:attachment":[{"href":"https:\/\/gtsenegal.com\/index.php?rest_route=%2Fwp%2Fv2%2Fmedia&parent=481"}],"curies":[{"name":"wp","href":"https:\/\/api.w.org\/{rel}","templated":true}]}}