{"id":56,"date":"2014-07-03T23:56:42","date_gmt":"2014-07-03T23:56:42","guid":{"rendered":"https:\/\/gtsenegal.com\/?page_id=56"},"modified":"2016-08-18T20:07:57","modified_gmt":"2016-08-18T20:07:57","slug":"localizacion-y-contacto","status":"publish","type":"page","link":"https:\/\/gtsenegal.com\/?page_id=56","title":{"rendered":"Nuestros profesionales"},"content":{"rendered":"<p><img loading=\"lazy\" decoding=\"async\" class=\"alignleft\" src=\"https:\/\/gtsenegal.com\/wp-content\/uploads\/2014\/07\/baobab-verde.png\" alt=\"baobab verde\" width=\"227\" height=\"273\" data-id=\"990\" \/><\/p>\n<p>&nbsp;<\/p>\n<p><strong><em>Director general:\u00a0<\/em>Andr\u00e9s Mart\u00ednez Espinosa<\/strong><\/p>\n<p>Correo: <a href=\"mailto:andres@gtsenegal.com\">andres@gtsenegal.com<\/a><\/p>\n<p>Tel\u00e9fono (ES): +34 607 34 98 10<\/p>\n<p>Tel\u00e9fono (SN): +221 773 512 936<\/p>\n<p>&nbsp;<\/p>\n<p><img loading=\"lazy\" decoding=\"async\" class=\"size-full wp-image-987 alignleft\" src=\"https:\/\/gtsenegal.com\/wp-content\/uploads\/2014\/07\/baobab-amarillo-1.png\" alt=\"baobab amarillo\" width=\"227\" height=\"273\" data-id=\"987\" \/><\/p>\n<p>&nbsp;<\/p>\n<p><strong><em>Director general adjunto: <\/em>David Mart\u00ednez Mira<\/strong><\/p>\n<p>Correo: <a href=\"mailto:david@gtsenegal.com\">david@gtsenegal.com <\/a><\/p>\n<p>Tel\u00e9fono (ES): +34 619 08 72 08<\/p>\n<p>Tel\u00e9fono (SN): +221 781 39 98 56<\/p>\n<p>&nbsp;<\/p>\n<p>&nbsp;<\/p>\n<p><strong><em><img loading=\"lazy\" decoding=\"async\" class=\"size-full wp-image-989 alignleft\" src=\"https:\/\/gtsenegal.com\/wp-content\/uploads\/2014\/07\/baobab-rosa.png\" alt=\"baobab rosa\" width=\"227\" height=\"273\" data-id=\"989\" \/><\/em><\/strong><\/p>\n<p>&nbsp;<\/p>\n<p>&nbsp;<\/p>\n<p><strong><em>Directora comercial en Senegal:\u00a0Adama Doucoure<\/em><\/strong><\/p>\n<p>Correo: <a href=\"mailto:adama@gtsenegal.com\">adama@gtsenegal.com<\/a><\/p>\n<p>Tel\u00e9fono (SN): +221 777 69 72 87<\/p>\n<p>&nbsp;<\/p>\n<p><img loading=\"lazy\" decoding=\"async\" class=\"size-full wp-image-988 alignleft\" src=\"https:\/\/gtsenegal.com\/wp-content\/uploads\/2014\/07\/baobab-rojo.png\" alt=\"baobab rojo\" width=\"227\" height=\"273\" data-id=\"988\" \/><\/p>\n<p>&nbsp;<\/p>\n<p><strong><em>Responsable aprovisionamiento:\u00a0Diego Mart\u00ednez Espinosa<\/em><\/strong><\/p>\n<p>Correo: <a href=\"mailto:diego@gtsenegal.com\">diego@gtsenegal.com <\/a><\/p>\n<p>Tel\u00e9fono (ES): +34 610 96 29 17<\/p>\n<p>Tel\u00e9fono (SN): +221 781 20 27 89<\/p>\n<p>&nbsp;<\/p>\n<p>&nbsp;<\/p>","protected":false},"excerpt":{"rendered":"<p>&nbsp; Director general:\u00a0Andr\u00e9s Mart\u00ednez Espinosa Correo: andres@gtsenegal.com Tel\u00e9fono (ES): +34 607 34 98 10 Tel\u00e9fono (SN): +221 773 512 936 &nbsp; &nbsp; Director general adjunto: David Mart\u00ednez Mira Correo: david@gtsenegal.com Tel\u00e9fono (ES):<a class=\"moretag\" href=\"https:\/\/gtsenegal.com\/?page_id=56\">Read More&#8230;<\/a><\/p>\n","protected":false},"author":1,"featured_media":0,"parent":499,"menu_order":0,"comment_status":"closed","ping_status":"closed","template":"","meta":{"footnotes":""},"class_list":["post-56","page","type-page","status-publish","hentry"],"_links":{"self":[{"href":"https:\/\/gtsenegal.com\/index.php?rest_route=\/wp\/v2\/pages\/56","targetHints":{"allow":["GET"]}}],"collection":[{"href":"https:\/\/gtsenegal.com\/index.php?rest_route=\/wp\/v2\/pages"}],"about":[{"href":"https:\/\/gtsenegal.com\/index.php?rest_route=\/wp\/v2\/types\/page"}],"author":[{"embeddable":true,"href":"https:\/\/gtsenegal.com\/index.php?rest_route=\/wp\/v2\/users\/1"}],"replies":[{"embeddable":true,"href":"https:\/\/gtsenegal.com\/index.php?rest_route=%2Fwp%2Fv2%2Fcomments&post=56"}],"version-history":[{"count":108,"href":"https:\/\/gtsenegal.com\/index.php?rest_route=\/wp\/v2\/pages\/56\/revisions"}],"predecessor-version":[{"id":1046,"href":"https:\/\/gtsenegal.com\/index.php?rest_route=\/wp\/v2\/pages\/56\/revisions\/1046"}],"up":[{"embeddable":true,"href":"https:\/\/gtsenegal.com\/index.php?rest_route=\/wp\/v2\/pages\/499"}],"wp:attachment":[{"href":"https:\/\/gtsenegal.com\/index.php?rest_route=%2Fwp%2Fv2%2Fmedia&parent=56"}],"curies":[{"name":"wp","href":"https:\/\/api.w.org\/{rel}","templated":true}]}}